{"id":841,"date":"2026-03-12T13:30:42","date_gmt":"2026-03-12T11:30:42","guid":{"rendered":"https:\/\/kress.cromamedia.com\/cookies-policy\/"},"modified":"2026-04-21T11:08:14","modified_gmt":"2026-04-21T09:08:14","slug":"politique-relative-aux-cookies","status":"publish","type":"page","link":"https:\/\/football-experience.kress.com\/fr\/politique-relative-aux-cookies\/","title":{"rendered":"Politique relative aux cookies"},"content":{"rendered":"<div class=\"fusion-fullwidth fullwidth-box fusion-builder-row-1 fusion-flex-container has-pattern-background has-mask-background nonhundred-percent-fullwidth non-hundred-percent-height-scrolling\" style=\"--awb-border-radius-top-left:0px;--awb-border-radius-top-right:0px;--awb-border-radius-bottom-right:0px;--awb-border-radius-bottom-left:0px;--awb-flex-wrap:wrap;\" ><div class=\"fusion-builder-row fusion-row fusion-flex-align-items-flex-start fusion-flex-justify-content-center fusion-flex-content-wrap\" style=\"max-width:1456px;margin-left: calc(-4% \/ 2 );margin-right: calc(-4% \/ 2 );\"><div class=\"fusion-layout-column fusion_builder_column fusion-builder-column-0 fusion_builder_column_3_4 3_4 fusion-flex-column\" style=\"--awb-bg-size:cover;--awb-width-large:75%;--awb-margin-top-large:0px;--awb-spacing-right-large:2.56%;--awb-margin-bottom-large:20px;--awb-spacing-left-large:2.56%;--awb-width-medium:75%;--awb-order-medium:0;--awb-spacing-right-medium:2.56%;--awb-spacing-left-medium:2.56%;--awb-width-small:100%;--awb-order-small:0;--awb-spacing-right-small:1.92%;--awb-spacing-left-small:1.92%;\"><div class=\"fusion-column-wrapper fusion-column-has-shadow fusion-flex-justify-content-flex-start fusion-content-layout-column\"><div class=\"fusion-text fusion-text-1\"><p><strong>1. QUE SONT LES COOKIES ?<\/strong><\/p>\n<p>Les cookies sont de petits fichiers stock\u00e9s sur l\u2019appareil de l\u2019utilisateur qui permettent d\u2019am\u00e9liorer l\u2019exp\u00e9rience de navigation.<\/p>\n<p><strong>2. TYPES DE COOKIES UTILIS\u00c9ES<\/strong><\/p>\n<ul>\n<li>Cookies techniques (n\u00e9cessaires). Elles permettent le fonctionnement de base du site web.<\/li>\n<li>Cookies analytiques. Elles permettent de mesurer l\u2019utilisation du site (ex. Google Analytics).<\/li>\n<li>Cookies marketing. Elles permettent d\u2019afficher des publicit\u00e9s personnalis\u00e9es.<\/li>\n<\/ul>\n<p><strong>3. BASE L\u00c9GALE<\/strong><\/p>\n<ul>\n<li>Cookies n\u00e9cessaires : int\u00e9r\u00eat l\u00e9gitime<\/li>\n<li>Cookies analytiques\/marketing : consentement de l\u2019utilisateur<\/li>\n<\/ul>\n<p><strong>4. PARAM\u00c8TRES DES COOKIES<\/strong><\/p>\n<p>L\u2019utilisateur peut :<\/p>\n<ul>\n<li>Accepter toutes les cookies<\/li>\n<li>Refuser les cookies non n\u00e9cessaires<\/li>\n<li>Les configurer via le bandeau<\/li>\n<li>Modifier \u00e9galement les param\u00e8tres depuis son navigateur<\/li>\n<\/ul>\n<p><strong>5. COOKIES TIERCES<\/strong><\/p>\n<p>Le site peut utiliser des cookies de tiers tels que :<\/p>\n<ul>\n<li>Google Analytics<\/li>\n<li>Meta (Facebook\/Instagram)<\/li>\n<li>TikTok Ads<\/li>\n<li>Autres fournisseurs marketing<\/li>\n<\/ul>\n<p><strong>6. DUR\u00c9E DES COOKIES<\/strong><\/p>\n<ul>\n<li>Cookies de session : supprim\u00e9es \u00e0 la fermeture du navigateur<\/li>\n<li>Cookies persistantes : jusqu\u2019\u00e0 un maximum de 24 mois<\/li>\n<\/ul>\n<p><strong>7. COMMENT D\u00c9SACTIVER LES COOKIES<\/strong><\/p>\n<p>Vous pouvez modifier vos pr\u00e9f\u00e9rences en mati\u00e8re de cookies via le <a class=\"cky-banner-element\" href=\"#\"><u>Gestionnaire des pr\u00e9f\u00e9rences de cookies<\/u><\/a>. Cela vous permettra de revoir le bandeau de consentement et de modifier vos pr\u00e9f\u00e9rences ou de retirer votre consentement imm\u00e9diatement.<\/p>\n<p>En outre, les diff\u00e9rents navigateurs offrent diff\u00e9rentes m\u00e9thodes pour bloquer et supprimer les cookies utilis\u00e9s par les sites web. Vous pouvez modifier les param\u00e8tres de votre navigateur pour bloquer ou supprimer les cookies. Vous trouverez ci-dessous des liens vers la documentation d\u2019assistance sur la gestion et la suppression des cookies dans les principaux navigateurs :<\/p>\n<ul>\n<li>Chrome : <a href=\"https:\/\/support.google.com\/accounts\/answer\/32050\" target=\"_blank\" rel=\"noopener\">https:\/\/support.google.com\/accounts\/answer\/32050<\/a><\/li>\n<li>Safari : <a href=\"https:\/\/support.apple.com\/en-in\/guide\/safari\/sfri11471\/mac\" target=\"_blank\" rel=\"noopener\">https:\/\/support.apple.com\/en-in\/guide\/safari\/sfri11471\/mac<\/a><\/li>\n<li>Firefox : <a href=\"https:\/\/support.mozilla.org\/en-US\/kb\/clear-cookies-and-site-data-firefox\" target=\"_blank\" rel=\"noopener\">https:\/\/support.mozilla.org\/en-US\/kb\/clear-cookies-and-site-data-firefox<\/a><\/li>\n<li>Internet Explorer : <a href=\"https:\/\/support.microsoft.com\/en-us\/topic\/how-to-delete-cookie-files-in-internet-explorer\" target=\"_blank\" rel=\"noopener\">https:\/\/support.microsoft.com\/en-us\/topic\/how-to-delete-cookie-files-in-internet-explorer<\/a><\/li>\n<\/ul>\n<p>Si vous utilisez un autre navigateur, veuillez consulter la documentation officielle de celui-ci.<\/p>\n<p><strong><br \/>\n8. MISES \u00c0 JOUR<\/strong><\/p>\n<p>La pr\u00e9sente politique peut \u00eatre mise \u00e0 jour \u00e0 tout moment.<\/p>\n<\/div><\/div><\/div><\/div><\/div>\n","protected":false},"excerpt":{"rendered":"","protected":false},"author":1,"featured_media":0,"parent":0,"menu_order":0,"comment_status":"closed","ping_status":"closed","template":"100-width.php","meta":{"_acf_changed":false,"footnotes":""},"class_list":["post-841","page","type-page","status-publish","hentry"],"acf":[],"_links":{"self":[{"href":"https:\/\/football-experience.kress.com\/fr\/wp-json\/wp\/v2\/pages\/841","targetHints":{"allow":["GET"]}}],"collection":[{"href":"https:\/\/football-experience.kress.com\/fr\/wp-json\/wp\/v2\/pages"}],"about":[{"href":"https:\/\/football-experience.kress.com\/fr\/wp-json\/wp\/v2\/types\/page"}],"author":[{"embeddable":true,"href":"https:\/\/football-experience.kress.com\/fr\/wp-json\/wp\/v2\/users\/1"}],"replies":[{"embeddable":true,"href":"https:\/\/football-experience.kress.com\/fr\/wp-json\/wp\/v2\/comments?post=841"}],"version-history":[{"count":5,"href":"https:\/\/football-experience.kress.com\/fr\/wp-json\/wp\/v2\/pages\/841\/revisions"}],"predecessor-version":[{"id":1218,"href":"https:\/\/football-experience.kress.com\/fr\/wp-json\/wp\/v2\/pages\/841\/revisions\/1218"}],"wp:attachment":[{"href":"https:\/\/football-experience.kress.com\/fr\/wp-json\/wp\/v2\/media?parent=841"}],"curies":[{"name":"wp","href":"https:\/\/api.w.org\/{rel}","templated":true}]}}