{"id":844,"date":"2026-03-12T13:30:42","date_gmt":"2026-03-12T11:30:42","guid":{"rendered":"https:\/\/kress.cromamedia.com\/cookies-policy\/"},"modified":"2026-04-21T09:30:10","modified_gmt":"2026-04-21T07:30:10","slug":"politica-de-cookies","status":"publish","type":"page","link":"https:\/\/football-experience.kress.com\/es\/politica-de-cookies\/","title":{"rendered":"Pol\u00edtica de cookies"},"content":{"rendered":"<div class=\"fusion-fullwidth fullwidth-box fusion-builder-row-1 fusion-flex-container has-pattern-background has-mask-background nonhundred-percent-fullwidth non-hundred-percent-height-scrolling\" style=\"--awb-border-radius-top-left:0px;--awb-border-radius-top-right:0px;--awb-border-radius-bottom-right:0px;--awb-border-radius-bottom-left:0px;--awb-flex-wrap:wrap;\" ><div class=\"fusion-builder-row fusion-row fusion-flex-align-items-flex-start fusion-flex-justify-content-center fusion-flex-content-wrap\" style=\"max-width:1456px;margin-left: calc(-4% \/ 2 );margin-right: calc(-4% \/ 2 );\"><div class=\"fusion-layout-column fusion_builder_column fusion-builder-column-0 fusion_builder_column_3_4 3_4 fusion-flex-column\" style=\"--awb-bg-size:cover;--awb-width-large:75%;--awb-margin-top-large:0px;--awb-spacing-right-large:2.56%;--awb-margin-bottom-large:20px;--awb-spacing-left-large:2.56%;--awb-width-medium:75%;--awb-order-medium:0;--awb-spacing-right-medium:2.56%;--awb-spacing-left-medium:2.56%;--awb-width-small:100%;--awb-order-small:0;--awb-spacing-right-small:1.92%;--awb-spacing-left-small:1.92%;\"><div class=\"fusion-column-wrapper fusion-column-has-shadow fusion-flex-justify-content-flex-start fusion-content-layout-column\"><div class=\"fusion-text fusion-text-1\"><p><strong>1. \u00bfQU\u00c9 SON LAS COOKIES?<\/strong><\/p>\n<p>Las cookies son peque\u00f1os archivos que se almacenan en el dispositivo del usuario y permiten mejorar la experiencia de navegaci\u00f3n.<\/p>\n<p><strong>2. TIPOS DE COOKIES UTILIZADAS<\/strong><\/p>\n<ul>\n<li>Cookies t\u00e9cnicas (necesarias).\u00a0Permiten el funcionamiento b\u00e1sico de la web.<\/li>\n<li>Cookies anal\u00edticas.\u00a0Permiten medir el uso de la web (ej. Google Analytics).<\/li>\n<li>Cookies de marketing.\u00a0Permiten mostrar publicidad personalizada.<\/li>\n<\/ul>\n<p><strong>3. BASE LEGAL<\/strong><\/p>\n<ul>\n<li>Cookies necesarias: inter\u00e9s leg\u00edtimo<\/li>\n<li>Cookies anal\u00edticas\/marketing: consentimiento del usuario<\/li>\n<\/ul>\n<p><strong>4. CONFIGURACI\u00d3N DE COOKIE<\/strong>S<\/p>\n<p>El usuario puede:<\/p>\n<ul>\n<li>Aceptar todas las cookies<\/li>\n<li>Rechazar cookies no necesarias<\/li>\n<li>Configurarlas desde el banner<\/li>\n<li>Tambi\u00e9n puede modificar la configuraci\u00f3n desde su navegador.<\/li>\n<\/ul>\n<p><strong>5. COOKIES DE TERCEROS<\/strong><\/p>\n<p>La web puede utilizar cookies de terceros como:<\/p>\n<ul>\n<li>Google Analytics<\/li>\n<li>Meta (Facebook\/Instagram)<\/li>\n<li>TikTok Ads<\/li>\n<li>Otros proveedores de marketing<\/li>\n<\/ul>\n<p><strong>6. DURACI\u00d3N DE LAS COOKIES<\/strong><\/p>\n<ul>\n<li>Cookies de sesi\u00f3n: se eliminan al cerrar el navegador<\/li>\n<li>Cookies persistentes: hasta un m\u00e1ximo de 24 meses<\/li>\n<\/ul>\n<p><strong>7. C\u00d3MO DESACTIVAR COOKIES<\/strong><\/p>\n<p>Puede cambiar sus preferencias de cookies mediante el <a class=\"cky-banner-element\" href=\"#\"><u>Gestor de Preferencias de Cookies<\/u><\/a>. Esto le permitir\u00e1 volver a ver el banner de consentimiento de cookies y modificar sus preferencias o retirar su consentimiento inmediatamente.<\/p>\n<p>Adem\u00e1s, los distintos navegadores ofrecen diferentes m\u00e9todos para bloquear y eliminar las cookies que utilizan los sitios web. Puede cambiar la configuraci\u00f3n de su navegador para bloquear o eliminar las cookies. A continuaci\u00f3n, se muestran los enlaces a la documentaci\u00f3n de soporte sobre c\u00f3mo gestionar y eliminar las cookies en los principales navegadores web:<\/p>\n<ul>\n<li>Chrome: <a href=\"https:\/\/support.google.com\/accounts\/answer\/32050\" target=\"_blank\" rel=\"noopener\">https:\/\/support.google.com\/accounts\/answer\/32050<\/a><\/li>\n<li>Safari: <a href=\"https:\/\/support.apple.com\/en-in\/guide\/safari\/sfri11471\/mac\" target=\"_blank\" rel=\"noopener\">https:\/\/support.apple.com\/en-in\/guide\/safari\/sfri11471\/mac<\/a><\/li>\n<li>Firefox: <a href=\"https:\/\/support.mozilla.org\/en-US\/kb\/clear-cookies-and-site-data-firefox\" target=\"_blank\" rel=\"noopener\">https:\/\/support.mozilla.org\/en-US\/kb\/clear-cookies-and-site-data-firefox<\/a><\/li>\n<li>Internet Explorer: <a href=\"https:\/\/support.microsoft.com\/en-us\/topic\/how-to-delete-cookie-files-in-internet-explorer\" target=\"_blank\" rel=\"noopener\">https:\/\/support.microsoft.com\/en-us\/topic\/how-to-delete-cookie-files-in-internet-explorer<\/a><\/li>\n<\/ul>\n<p>Si utiliza cualquier otro navegador web, visite la documentaci\u00f3n oficial de soporte de su navegador.<\/p>\n<p><strong><br \/>\n8. ACTUALIZACIONES<\/strong><\/p>\n<p>La presente pol\u00edtica puede ser actualizada en cualquier momento.<\/p>\n<\/div><\/div><\/div><\/div><\/div>\n","protected":false},"excerpt":{"rendered":"","protected":false},"author":1,"featured_media":0,"parent":0,"menu_order":0,"comment_status":"closed","ping_status":"closed","template":"100-width.php","meta":{"_acf_changed":false,"footnotes":""},"class_list":["post-844","page","type-page","status-publish","hentry"],"acf":[],"_links":{"self":[{"href":"https:\/\/football-experience.kress.com\/es\/wp-json\/wp\/v2\/pages\/844","targetHints":{"allow":["GET"]}}],"collection":[{"href":"https:\/\/football-experience.kress.com\/es\/wp-json\/wp\/v2\/pages"}],"about":[{"href":"https:\/\/football-experience.kress.com\/es\/wp-json\/wp\/v2\/types\/page"}],"author":[{"embeddable":true,"href":"https:\/\/football-experience.kress.com\/es\/wp-json\/wp\/v2\/users\/1"}],"replies":[{"embeddable":true,"href":"https:\/\/football-experience.kress.com\/es\/wp-json\/wp\/v2\/comments?post=844"}],"version-history":[{"count":6,"href":"https:\/\/football-experience.kress.com\/es\/wp-json\/wp\/v2\/pages\/844\/revisions"}],"predecessor-version":[{"id":1208,"href":"https:\/\/football-experience.kress.com\/es\/wp-json\/wp\/v2\/pages\/844\/revisions\/1208"}],"wp:attachment":[{"href":"https:\/\/football-experience.kress.com\/es\/wp-json\/wp\/v2\/media?parent=844"}],"curies":[{"name":"wp","href":"https:\/\/api.w.org\/{rel}","templated":true}]}}