{"id":842,"date":"2026-03-12T13:30:42","date_gmt":"2026-03-12T11:30:42","guid":{"rendered":"https:\/\/kress.cromamedia.com\/cookies-policy\/"},"modified":"2026-04-21T11:09:37","modified_gmt":"2026-04-21T09:09:37","slug":"cookie-richtlinie","status":"publish","type":"page","link":"https:\/\/football-experience.kress.com\/de\/cookie-richtlinie\/","title":{"rendered":"Cookie-Richtlinie"},"content":{"rendered":"<div class=\"fusion-fullwidth fullwidth-box fusion-builder-row-1 fusion-flex-container has-pattern-background has-mask-background nonhundred-percent-fullwidth non-hundred-percent-height-scrolling\" style=\"--awb-border-radius-top-left:0px;--awb-border-radius-top-right:0px;--awb-border-radius-bottom-right:0px;--awb-border-radius-bottom-left:0px;--awb-flex-wrap:wrap;\" ><div class=\"fusion-builder-row fusion-row fusion-flex-align-items-flex-start fusion-flex-justify-content-center fusion-flex-content-wrap\" style=\"max-width:1456px;margin-left: calc(-4% \/ 2 );margin-right: calc(-4% \/ 2 );\"><div class=\"fusion-layout-column fusion_builder_column fusion-builder-column-0 fusion_builder_column_3_4 3_4 fusion-flex-column\" style=\"--awb-bg-size:cover;--awb-width-large:75%;--awb-margin-top-large:0px;--awb-spacing-right-large:2.56%;--awb-margin-bottom-large:20px;--awb-spacing-left-large:2.56%;--awb-width-medium:75%;--awb-order-medium:0;--awb-spacing-right-medium:2.56%;--awb-spacing-left-medium:2.56%;--awb-width-small:100%;--awb-order-small:0;--awb-spacing-right-small:1.92%;--awb-spacing-left-small:1.92%;\"><div class=\"fusion-column-wrapper fusion-column-has-shadow fusion-flex-justify-content-flex-start fusion-content-layout-column\"><div class=\"fusion-text fusion-text-1\"><p><strong>1. WAS SIND COOKIES?<\/strong><\/p>\n<p>Cookies sind kleine Dateien, die auf dem Ger\u00e4t des Nutzers gespeichert werden und die das Surferlebnis verbessern.<\/p>\n<p><strong>2. VERWENDETE COOKIE-ARTEN<\/strong><\/p>\n<ul>\n<li>Technische Cookies (notwendig). Sie erm\u00f6glichen die grundlegende Funktion der Website.<\/li>\n<li>Analyse-Cookies. Sie erm\u00f6glichen die Messung der Nutzung der Website (z. B. Google Analytics).<\/li>\n<li>Marketing-Cookies. Sie erm\u00f6glichen die Anzeige personalisierter Werbung.<\/li>\n<\/ul>\n<p><strong>3. RECHTSGRUNDLAGE<\/strong><\/p>\n<ul>\n<li>Notwendige Cookies: berechtigtes Interesse<\/li>\n<li>Analyse-\/Marketing-Cookies: Einwilligung des Nutzers<\/li>\n<\/ul>\n<p><strong>4. COOKIE-EINSTELLUNGEN<\/strong><\/p>\n<p>Der Nutzer kann:<\/p>\n<ul>\n<li>Alle Cookies akzeptieren<\/li>\n<li>Nicht notwendige Cookies ablehnen<\/li>\n<li>Sie \u00fcber das Banner konfigurieren<\/li>\n<li>Die Einstellungen auch \u00fcber den Browser \u00e4ndern<\/li>\n<\/ul>\n<p><strong>5. COOKIES DRITTER<\/strong><\/p>\n<p>Die Website kann Cookies von Dritten verwenden, wie:<\/p>\n<ul>\n<li>Google Analytics<\/li>\n<li>Meta (Facebook\/Instagram)<\/li>\n<li>TikTok Ads<\/li>\n<li>Weitere Marketinganbieter<\/li>\n<\/ul>\n<p><strong>6. SPEICHERDAUER DER COOKIES<\/strong><\/p>\n<ul>\n<li>Sitzungs-Cookies: werden beim Schlie\u00dfen des Browsers gel\u00f6scht<\/li>\n<li>Persistente Cookies: bis zu maximal 24 Monate<\/li>\n<\/ul>\n<p><strong>7. WIE MAN COOKIES DEAKTIVIERT<\/strong><\/p>\n<p>Sie k\u00f6nnen Ihre Cookie-Einstellungen \u00fcber den <a class=\"cky-banner-element\" href=\"#\"><u>Cookie-Pr\u00e4ferenzmanager<\/u><\/a> \u00e4ndern. Dadurch k\u00f6nnen Sie das Cookie-Einwilligungsbanner erneut aufrufen und Ihre Einstellungen \u00e4ndern oder Ihre Einwilligung sofort widerrufen.<\/p>\n<p>Dar\u00fcber hinaus bieten verschiedene Browser unterschiedliche Methoden zum Blockieren und L\u00f6schen von Cookies. Sie k\u00f6nnen die Einstellungen Ihres Browsers \u00e4ndern, um Cookies zu blockieren oder zu l\u00f6schen. Nachfolgend finden Sie Links zur Support-Dokumentation zur Verwaltung und L\u00f6schung von Cookies in den wichtigsten Webbrowsern:<\/p>\n<ul>\n<li>Chrome: <a href=\"https:\/\/support.google.com\/accounts\/answer\/32050\" target=\"_blank\" rel=\"noopener\">https:\/\/support.google.com\/accounts\/answer\/32050<\/a><\/li>\n<li>Safari: <a href=\"https:\/\/support.apple.com\/en-in\/guide\/safari\/sfri11471\/mac\" target=\"_blank\" rel=\"noopener\">https:\/\/support.apple.com\/en-in\/guide\/safari\/sfri11471\/mac<\/a><\/li>\n<li>Firefox: <a href=\"https:\/\/support.mozilla.org\/en-US\/kb\/clear-cookies-and-site-data-firefox\" target=\"_blank\" rel=\"noopener\">https:\/\/support.mozilla.org\/en-US\/kb\/clear-cookies-and-site-data-firefox<\/a><\/li>\n<li>Internet Explorer: <a href=\"https:\/\/support.microsoft.com\/en-us\/topic\/how-to-delete-cookie-files-in-internet-explorer\" target=\"_blank\" rel=\"noopener\">https:\/\/support.microsoft.com\/en-us\/topic\/how-to-delete-cookie-files-in-internet-explorer<\/a><\/li>\n<\/ul>\n<p>Wenn Sie einen anderen Webbrowser verwenden, besuchen Sie bitte die offizielle Support-Dokumentation Ihres Browsers.<\/p>\n<p><strong><br \/>8. AKTUALISIERUNGEN<\/strong><\/p>\n<p>Diese Richtlinie kann jederzeit aktualisiert werden.<\/p>\n<\/div><\/div><\/div><\/div><\/div>\n","protected":false},"excerpt":{"rendered":"","protected":false},"author":1,"featured_media":0,"parent":0,"menu_order":0,"comment_status":"closed","ping_status":"closed","template":"100-width.php","meta":{"_acf_changed":false,"footnotes":""},"class_list":["post-842","page","type-page","status-publish","hentry"],"acf":[],"_links":{"self":[{"href":"https:\/\/football-experience.kress.com\/de\/wp-json\/wp\/v2\/pages\/842","targetHints":{"allow":["GET"]}}],"collection":[{"href":"https:\/\/football-experience.kress.com\/de\/wp-json\/wp\/v2\/pages"}],"about":[{"href":"https:\/\/football-experience.kress.com\/de\/wp-json\/wp\/v2\/types\/page"}],"author":[{"embeddable":true,"href":"https:\/\/football-experience.kress.com\/de\/wp-json\/wp\/v2\/users\/1"}],"replies":[{"embeddable":true,"href":"https:\/\/football-experience.kress.com\/de\/wp-json\/wp\/v2\/comments?post=842"}],"version-history":[{"count":5,"href":"https:\/\/football-experience.kress.com\/de\/wp-json\/wp\/v2\/pages\/842\/revisions"}],"predecessor-version":[{"id":1221,"href":"https:\/\/football-experience.kress.com\/de\/wp-json\/wp\/v2\/pages\/842\/revisions\/1221"}],"wp:attachment":[{"href":"https:\/\/football-experience.kress.com\/de\/wp-json\/wp\/v2\/media?parent=842"}],"curies":[{"name":"wp","href":"https:\/\/api.w.org\/{rel}","templated":true}]}}